{"id":11,"date":"2017-03-03T16:40:23","date_gmt":"2017-03-03T15:40:23","guid":{"rendered":"http:\/\/laurentium.com\/lp\/de\/?page_id=11"},"modified":"2023-09-29T17:24:06","modified_gmt":"2023-09-29T15:24:06","slug":"krisenmanagement","status":"publish","type":"page","link":"https:\/\/laurentium.com\/de\/krisenmanagement\/","title":{"rendered":"KRISENMANAGEMENT"},"content":{"rendered":"<p>Mit regulatorischen Anforderungen zur Etablierung eines Risiko- und Krisenmanagements wachsen die Anforderungen an Unternehmen und mit ihnen die Erwartungen an F\u00fchrungskr\u00e4fte, auch ungew\u00f6hnliche Situationen souver\u00e4n handhaben zu k\u00f6nnen. Managementroutinen aus dem Normalbetrieb sind jedoch nur eingeschr\u00e4nkt auf Entscheidungssituationen in Krisen \u00fcbertragbar.<\/p>\n<p class=\"highlight\"><strong>Laurentium macht Ihr Unternehmen krisenfest und steht Ihnen weltweit bei der Bew\u00e4ltigung ungew\u00f6hnlicher Probleme zur Seite.<\/strong><\/p>\n<p>Wir unterst\u00fctzen Sie bei der<\/p>\n<ul>\n<li>Etablierung effektiver <strong>Krisenmanagementstrukturen<\/strong>,<\/li>\n<li>Erstellung ma\u00dfgeschneiderter und praxisorientierter <strong>Krisenhandb\u00fccher<\/strong> f\u00fcr das professionelle Management krisenhafter Ereignisse,<\/li>\n<li>Konzeption und Durchf\u00fchrung realit\u00e4tsnaher <strong>Krisentrainings<\/strong>,<\/li>\n<li><strong>Schulung<\/strong> Ihrer Mitarbeiter im sensiblen Umgang mit Bedrohungen und<\/li>\n<li><strong>reaktiven Bew\u00e4ltigung<\/strong> im Krisenraum und vor Ort.<\/li>\n<\/ul>\n<p>Unsere Krisenplanung ber\u00fccksichtigt die Komplexit\u00e4t aller internen und externen Aspekte der Krisenbew\u00e4ltigung und st\u00fctzt sich auf unsere praktischen Erfahrungen aus der reaktiven Beratung bei reputationssch\u00e4digenden und durch compliance-relevante Handlungen ausgel\u00f6ste Krisen.<\/p>\n","protected":false},"excerpt":{"rendered":"<p>Mit regulatorischen Anforderungen zur Etablierung eines Risiko- und Krisenmanagements wachsen die Anforderungen an Unternehmen und mit ihnen die Erwartungen an F\u00fchrungskr\u00e4fte, auch ungew\u00f6hnliche Situationen souver\u00e4n handhaben zu k\u00f6nnen. Managementroutinen aus dem Normalbetrieb sind jedoch nur eingeschr\u00e4nkt auf Entscheidungssituationen in Krisen \u00fcbertragbar. Laurentium macht Ihr Unternehmen krisenfest und steht Ihnen weltweit bei der Bew\u00e4ltigung ungew\u00f6hnlicher Probleme &hellip; <a href=\"https:\/\/laurentium.com\/de\/krisenmanagement\/\" class=\"more-link\"><span class=\"screen-reader-text\">&#8222;KRISENMANAGEMENT&#8220; <\/span>weiterlesen<\/a><\/p>\n","protected":false},"author":1,"featured_media":0,"parent":0,"menu_order":0,"comment_status":"closed","ping_status":"closed","template":"","meta":{"footnotes":""},"_links":{"self":[{"href":"https:\/\/laurentium.com\/de\/wp-json\/wp\/v2\/pages\/11"}],"collection":[{"href":"https:\/\/laurentium.com\/de\/wp-json\/wp\/v2\/pages"}],"about":[{"href":"https:\/\/laurentium.com\/de\/wp-json\/wp\/v2\/types\/page"}],"author":[{"embeddable":true,"href":"https:\/\/laurentium.com\/de\/wp-json\/wp\/v2\/users\/1"}],"replies":[{"embeddable":true,"href":"https:\/\/laurentium.com\/de\/wp-json\/wp\/v2\/comments?post=11"}],"version-history":[{"count":5,"href":"https:\/\/laurentium.com\/de\/wp-json\/wp\/v2\/pages\/11\/revisions"}],"predecessor-version":[{"id":202,"href":"https:\/\/laurentium.com\/de\/wp-json\/wp\/v2\/pages\/11\/revisions\/202"}],"wp:attachment":[{"href":"https:\/\/laurentium.com\/de\/wp-json\/wp\/v2\/media?parent=11"}],"curies":[{"name":"wp","href":"https:\/\/api.w.org\/{rel}","templated":true}]}}