{"id":13,"date":"2017-03-03T16:42:13","date_gmt":"2017-03-03T15:42:13","guid":{"rendered":"http:\/\/laurentium.com\/lp\/de\/?page_id=13"},"modified":"2023-09-29T17:24:32","modified_gmt":"2023-09-29T15:24:32","slug":"risk-analysis","status":"publish","type":"page","link":"https:\/\/laurentium.com\/de\/risk-analysis\/","title":{"rendered":"RISIKOANALYSE"},"content":{"rendered":"<p>Kriminelle, extremistische, terroristische und reputationssch\u00e4digende Risiken sind in unterschiedlicher Auspr\u00e4gung Bestandteil des Risikoprofils eines jeden Unternehmens. Die Analyse, wo, wie und von welchen Akteuren und Ereignissen Ihrem Unternehmen Schaden drohen k\u00f6nnte und an welchem Niveau sich Ihre Schutzma\u00dfnahmen orientieren sollten, bedarf fundierter Fachkenntnis.<\/p>\n<p class=\"highlight\"><strong>Laurentium hilft Ihnen, operative Risiken zu erkennen, angemessene Schutzziele zu definieren und Gef\u00e4hrdungen zu minimieren.<\/strong><\/p>\n<p>Laurentium hat die Erfahrung und das Fachwissen, die Risiken f\u00fcr Ihre Unternehmenswerte<\/p>\n<ul>\n<li>auf Grundlage Ihres Unternehmensprofils zu <strong>identifizieren<\/strong>,<\/li>\n<li>mittels der Entwicklung realistischer Schadensszenarien zu <strong>bewerten<\/strong>,<\/li>\n<li>nach Eintrittsh\u00e4ufigkeit und Schadensausma\u00df zu <strong>gewichten<\/strong>,<\/li>\n<li>mittels eines integrierten Risk Managements zu <strong>managen<\/strong> und<\/li>\n<li>\u00fcber Risikomonitoring systematisch zu <strong>beobachten<\/strong>.<\/li>\n<\/ul>\n<p>Verdeckte oder bisher vernachl\u00e4ssigte operative Risiken, wie z.B. Spionage, Bestechung, Amokl\u00e4ufe, Fake News, MeToo Vorf\u00e4lle, Third-Party Risks oder fehlende Compliance, werden so greifbar und lassen sich managen.<\/p>\n","protected":false},"excerpt":{"rendered":"<p>Kriminelle, extremistische, terroristische und reputationssch\u00e4digende Risiken sind in unterschiedlicher Auspr\u00e4gung Bestandteil des Risikoprofils eines jeden Unternehmens. Die Analyse, wo, wie und von welchen Akteuren und Ereignissen Ihrem Unternehmen Schaden drohen k\u00f6nnte und an welchem Niveau sich Ihre Schutzma\u00dfnahmen orientieren sollten, bedarf fundierter Fachkenntnis. Laurentium hilft Ihnen, operative Risiken zu erkennen, angemessene Schutzziele zu definieren und &hellip; <a href=\"https:\/\/laurentium.com\/de\/risk-analysis\/\" class=\"more-link\"><span class=\"screen-reader-text\">&#8222;RISIKOANALYSE&#8220; <\/span>weiterlesen<\/a><\/p>\n","protected":false},"author":1,"featured_media":0,"parent":0,"menu_order":0,"comment_status":"closed","ping_status":"closed","template":"","meta":{"footnotes":""},"_links":{"self":[{"href":"https:\/\/laurentium.com\/de\/wp-json\/wp\/v2\/pages\/13"}],"collection":[{"href":"https:\/\/laurentium.com\/de\/wp-json\/wp\/v2\/pages"}],"about":[{"href":"https:\/\/laurentium.com\/de\/wp-json\/wp\/v2\/types\/page"}],"author":[{"embeddable":true,"href":"https:\/\/laurentium.com\/de\/wp-json\/wp\/v2\/users\/1"}],"replies":[{"embeddable":true,"href":"https:\/\/laurentium.com\/de\/wp-json\/wp\/v2\/comments?post=13"}],"version-history":[{"count":7,"href":"https:\/\/laurentium.com\/de\/wp-json\/wp\/v2\/pages\/13\/revisions"}],"predecessor-version":[{"id":203,"href":"https:\/\/laurentium.com\/de\/wp-json\/wp\/v2\/pages\/13\/revisions\/203"}],"wp:attachment":[{"href":"https:\/\/laurentium.com\/de\/wp-json\/wp\/v2\/media?parent=13"}],"curies":[{"name":"wp","href":"https:\/\/api.w.org\/{rel}","templated":true}]}}