{"id":15,"date":"2017-03-03T16:43:00","date_gmt":"2017-03-03T15:43:00","guid":{"rendered":"http:\/\/laurentium.com\/lp\/de\/?page_id=15"},"modified":"2023-10-17T14:29:51","modified_gmt":"2023-10-17T12:29:51","slug":"sicherheitsmanagement","status":"publish","type":"page","link":"https:\/\/laurentium.com\/de\/sicherheitsmanagement\/","title":{"rendered":"SICHERHEITSMANAGEMENT"},"content":{"rendered":"<p>Entsprechend ihren Sorgfalts-, F\u00fcrsorge-, und Schutzpflichten sowie vielf\u00e4ltiger branchenspezifischer Vorgaben haben Unternehmen einen sachgerechten Schutz ihrer Unternehmenswerte zu gew\u00e4hrleisten. Hierzu geh\u00f6ren insbesondere der Schutz von Informationen, Gesch\u00e4ftsreisenden, Top-Management, Prozessen, Investitionsg\u00fctern, kritischer Infrastruktur, Standorten, Substances-of-Interest, Reputation und Betriebskontinuit\u00e4t.<br \/>\nDer Schutz dieser Assets ist die Grundlage allen wirtschaftlichen Handelns. Ein modernes und vernetztes Corporate Security Management kann daher als Business Enabler wesentlich zum Erfolg eines Unternehmens beitragen.<\/p>\n<p class=\"highlight\"><strong>Laurentium unterst\u00fctzt Sie bei der Umsetzung eines angemessenen und kosteneffizienten Schutzniveaus f\u00fcr Ihre Unternehmenswerte.<\/strong><\/p>\n<p>Laurentium<\/p>\n<ul>\n<li>konzipiert und entwickelt Ihre <strong>Corporate Security<\/strong>,<\/li>\n<li>stellt ihnen kurzfristig einen Interims <strong>Chief Security Officer<\/strong> (CSO) zur Verf\u00fcgung,<\/li>\n<li>entwickelt f\u00fcr ihr Security Management aussagekr\u00e4ftige <strong>Key Risk und Key Performance Indicators<\/strong>,<\/li>\n<li>etabliert ein abteilungs\u00fcbergreifendes <strong>Criminal &amp; Ethical Risks Management<\/strong>,<\/li>\n<li>auditiert Ihre organisatorischen, personellen, baulichen und technische <strong>Pr\u00e4ventions-, Reaktions- und Schutzma\u00dfnahmen<\/strong>,<\/li>\n<li><strong>testet<\/strong> vorhandene Criminal Risks Management Ma\u00dfnahmen mit Penetrationstests und Simulationen,<\/li>\n<li><strong>identifiziert<\/strong> vorhandene Schwachstellen,<\/li>\n<li>unterst\u00fctzt Sie bei der Wahl angemessener und rechtskonformer <strong>Schutzziele<\/strong>,<\/li>\n<li>konzipiert ganzheitliche Sicherheits- und <strong>Incident Response Konzepte<\/strong> und<\/li>\n<li>schult Ihre Mitarbeiter \u00fcber <strong>Trainings und Coachings<\/strong>.<\/li>\n<\/ul>\n","protected":false},"excerpt":{"rendered":"<p>Entsprechend ihren Sorgfalts-, F\u00fcrsorge-, und Schutzpflichten sowie vielf\u00e4ltiger branchenspezifischer Vorgaben haben Unternehmen einen sachgerechten Schutz ihrer Unternehmenswerte zu gew\u00e4hrleisten. Hierzu geh\u00f6ren insbesondere der Schutz von Informationen, Gesch\u00e4ftsreisenden, Top-Management, Prozessen, Investitionsg\u00fctern, kritischer Infrastruktur, Standorten, Substances-of-Interest, Reputation und Betriebskontinuit\u00e4t. Der Schutz dieser Assets ist die Grundlage allen wirtschaftlichen Handelns. Ein modernes und vernetztes Corporate Security Management kann &hellip; <a href=\"https:\/\/laurentium.com\/de\/sicherheitsmanagement\/\" class=\"more-link\"><span class=\"screen-reader-text\">&#8222;SICHERHEITSMANAGEMENT&#8220; <\/span>weiterlesen<\/a><\/p>\n","protected":false},"author":1,"featured_media":0,"parent":0,"menu_order":0,"comment_status":"closed","ping_status":"closed","template":"","meta":{"footnotes":""},"_links":{"self":[{"href":"https:\/\/laurentium.com\/de\/wp-json\/wp\/v2\/pages\/15"}],"collection":[{"href":"https:\/\/laurentium.com\/de\/wp-json\/wp\/v2\/pages"}],"about":[{"href":"https:\/\/laurentium.com\/de\/wp-json\/wp\/v2\/types\/page"}],"author":[{"embeddable":true,"href":"https:\/\/laurentium.com\/de\/wp-json\/wp\/v2\/users\/1"}],"replies":[{"embeddable":true,"href":"https:\/\/laurentium.com\/de\/wp-json\/wp\/v2\/comments?post=15"}],"version-history":[{"count":6,"href":"https:\/\/laurentium.com\/de\/wp-json\/wp\/v2\/pages\/15\/revisions"}],"predecessor-version":[{"id":234,"href":"https:\/\/laurentium.com\/de\/wp-json\/wp\/v2\/pages\/15\/revisions\/234"}],"wp:attachment":[{"href":"https:\/\/laurentium.com\/de\/wp-json\/wp\/v2\/media?parent=15"}],"curies":[{"name":"wp","href":"https:\/\/api.w.org\/{rel}","templated":true}]}}