{"id":5,"date":"2017-03-03T16:36:44","date_gmt":"2017-03-03T15:36:44","guid":{"rendered":"http:\/\/laurentium.com\/lp\/de\/?page_id=5"},"modified":"2023-10-05T09:39:34","modified_gmt":"2023-10-05T07:39:34","slug":"ueber-uns","status":"publish","type":"page","link":"https:\/\/laurentium.com\/de\/","title":{"rendered":"\u00dcBER UNS"},"content":{"rendered":"<p>Laurentium ist eine international positionierte Unternehmensberatung im Bereich Criminal &amp; Ethical Risks Management operativer und deliktischer Risiken.<\/p>\n<p>In einem zunehmend durch Risk Management und Compliance Vorgaben sowie geostrategischen Verwerfungen gepr\u00e4gten gesch\u00e4ftlichen Umfeld hat sich Laurentium seit seiner Gr\u00fcndung 2004 als f\u00fchrender strategischer Partner f\u00fcr das Management internationaler Konzerne etabliert und begleitet seine Kunden mit individuellen und diskreten Probleml\u00f6sungen.<\/p>\n<p>In seiner Beratung verbindet Laurentium die Seriosit\u00e4t einer etablierten Managementberatung mit dem praktischen Erfahrungsschatz von Spezialisten aus staatlichen Exekutivorganen, dem Sicherheitsmanagement und der Diplomatie.<\/p>\n<p class=\"highlight\"><strong>\u00dcber unsere vier Kompetenzfelder bef\u00e4higen wir Unternehmen, Gefahrenpotenziale rechtzeitig zu erkennen, effektive Sicherheitsma\u00dfnahmen zu ergreifen, gesetzliche Vorgaben zu erf\u00fcllen und au\u00dfergew\u00f6hnliche Krisen professionell zu bew\u00e4ltigen.<\/strong><\/p>\n<div class=\"flex-container\">\n<div class=\"box25\"><img decoding=\"async\" loading=\"lazy\" class=\"alignnone wp-image-212 size-full\" src=\"http:\/\/laurentium.com\/de\/wp-content\/uploads\/sites\/5\/2023\/10\/investigations-1.png\" alt=\"\" width=\"134\" height=\"134\" \/><\/p>\n<h3>INVESTIGATIONS<\/h3>\n<ul>\n<li class=\"box25\">Investigative Due Diligences<\/li>\n<li class=\"box25\">Pre-Employment Screenings<\/li>\n<li class=\"box25\">Fraud-Ermittlungen<\/li>\n<li class=\"box25\">Asset Tracking &amp; Recovery<\/li>\n<li class=\"box25\">Ermittlungen Wirtschaftskriminalit\u00e4t<\/li>\n<\/ul>\n<\/div>\n<div class=\"box25\"><img decoding=\"async\" loading=\"lazy\" class=\"alignnone wp-image-213 size-full\" src=\"http:\/\/laurentium.com\/de\/wp-content\/uploads\/sites\/5\/2023\/10\/risk-analysis-1.png\" alt=\"\" width=\"134\" height=\"134\" \/><\/p>\n<h3>RISK ANALYSYS<\/h3>\n<ul>\n<li class=\"box25\">Auditierung<\/li>\n<li class=\"box25\">Risikoinventur<\/li>\n<li class=\"box25\">Risikoanalyse<\/li>\n<li class=\"box25\">Risikomonitoring<\/li>\n<li class=\"box25\">LkSG &amp; Human Rights Auditing<\/li>\n<li class=\"box25\">Methodik-Analyse<\/li>\n<\/ul>\n<\/div>\n<div class=\"box25\"><img decoding=\"async\" loading=\"lazy\" class=\"alignnone wp-image-215 size-full\" src=\"http:\/\/laurentium.com\/de\/wp-content\/uploads\/sites\/5\/2023\/10\/security-management-1.png\" alt=\"\" width=\"134\" height=\"134\" \/><\/p>\n<h3>SECURITY MANAGEMENT<\/h3>\n<ul>\n<li class=\"box25\">Integriertes CRM<\/li>\n<li class=\"box25\">Corporate Security Entwicklung<\/li>\n<li class=\"box25\">Interims CSO<\/li>\n<li class=\"box25\">Security Audits<\/li>\n<li class=\"box25\">Expat Security Services<\/li>\n<li class=\"box25\">Sicherungskonzepte<\/li>\n<\/ul>\n<\/div>\n<div class=\"box25\"><img decoding=\"async\" loading=\"lazy\" class=\"alignnone wp-image-216 size-full\" src=\"http:\/\/laurentium.com\/de\/wp-content\/uploads\/sites\/5\/2023\/10\/crisis-management-1.png\" alt=\"\" width=\"134\" height=\"134\" \/><\/p>\n<h3>CRISIS MANAGEMENT<\/h3>\n<ul>\n<li class=\"box25\">Aufbau- und Ablauforganisation<\/li>\n<li class=\"box25\">Krisenpl\u00e4ne<\/li>\n<li class=\"box25\">Lokale Evakuierungsplanung<\/li>\n<li class=\"box25\">Krisentrainings<\/li>\n<li class=\"box25\">Reaktive Krisenberatung<\/li>\n<\/ul>\n<\/div>\n<\/div>\n<p style=\"clear: both;\">Laurentium stellt daf\u00fcr sein analytisches, investigatives und konzeptionelles Know-how \u00fcber ein achtk\u00f6pfiges Kernteam sowie ein internationales Netzwerk lokaler Experten zur Verf\u00fcgung und versetzt so seine Kunden in die Lage, sich auch in schwierigen M\u00e4rkten und Krisen erfolgreich zu behaupten.<\/p>\n","protected":false},"excerpt":{"rendered":"<p>Laurentium ist eine international positionierte Unternehmensberatung im Bereich Criminal &amp; Ethical Risks Management operativer und deliktischer Risiken. In einem zunehmend durch Risk Management und Compliance Vorgaben sowie geostrategischen Verwerfungen gepr\u00e4gten gesch\u00e4ftlichen Umfeld hat sich Laurentium seit seiner Gr\u00fcndung 2004 als f\u00fchrender strategischer Partner f\u00fcr das Management internationaler Konzerne etabliert und begleitet seine Kunden mit individuellen &hellip; <a href=\"https:\/\/laurentium.com\/de\/\" class=\"more-link\"><span class=\"screen-reader-text\">&#8222;\u00dcBER UNS&#8220; <\/span>weiterlesen<\/a><\/p>\n","protected":false},"author":1,"featured_media":0,"parent":0,"menu_order":0,"comment_status":"closed","ping_status":"closed","template":"","meta":{"footnotes":""},"_links":{"self":[{"href":"https:\/\/laurentium.com\/de\/wp-json\/wp\/v2\/pages\/5"}],"collection":[{"href":"https:\/\/laurentium.com\/de\/wp-json\/wp\/v2\/pages"}],"about":[{"href":"https:\/\/laurentium.com\/de\/wp-json\/wp\/v2\/types\/page"}],"author":[{"embeddable":true,"href":"https:\/\/laurentium.com\/de\/wp-json\/wp\/v2\/users\/1"}],"replies":[{"embeddable":true,"href":"https:\/\/laurentium.com\/de\/wp-json\/wp\/v2\/comments?post=5"}],"version-history":[{"count":12,"href":"https:\/\/laurentium.com\/de\/wp-json\/wp\/v2\/pages\/5\/revisions"}],"predecessor-version":[{"id":228,"href":"https:\/\/laurentium.com\/de\/wp-json\/wp\/v2\/pages\/5\/revisions\/228"}],"wp:attachment":[{"href":"https:\/\/laurentium.com\/de\/wp-json\/wp\/v2\/media?parent=5"}],"curies":[{"name":"wp","href":"https:\/\/api.w.org\/{rel}","templated":true}]}}