{"id":7,"date":"2017-03-03T16:38:46","date_gmt":"2017-03-03T15:38:46","guid":{"rendered":"http:\/\/laurentium.com\/lp\/de\/?page_id=7"},"modified":"2023-10-17T14:36:16","modified_gmt":"2023-10-17T12:36:16","slug":"kontakt","status":"publish","type":"page","link":"https:\/\/laurentium.com\/de\/kontakt\/","title":{"rendered":"KONTAKT"},"content":{"rendered":"<p>Laurentium GmbH<br \/>\nFriedrichstra\u00dfe 171<br \/>\nD-10117 Berlin<br \/>\nTel.: +49 (0)30.20 25 35 04<br \/>\nFax: +49 (0)30.20 25 33 33<br \/>\nE-Mail:\u00a0<img decoding=\"async\" loading=\"lazy\" class=\"alignnone size-full wp-image-128\" src=\"http:\/\/laurentium.com\/de\/wp-content\/uploads\/sites\/5\/2017\/03\/grafik1.jpg\" alt=\"\" width=\"116\" height=\"15\" \/><\/p>\n<p>Korrespondenz via E-Mail ist nicht sicher! Bitte \u00fcbermitteln Sie daher keine personen- oder projektbezogenen Informationen unverschl\u00fcsselt \u00fcber das Internet. Zur verschl\u00fcsselten Telekommunikation sind wir f\u00fcr Sie via den Messenger-Dienst SIGNAL erreichbar.<\/p>\n<table>\n<tbody>\n<tr>\n<td>Gesch\u00e4fts&shy;f\u00fchrender Gesell&shy;schafter:<\/td>\n<td><img decoding=\"async\" loading=\"lazy\" class=\"alignnone size-full wp-image-129\" src=\"http:\/\/laurentium.com\/de\/wp-content\/uploads\/sites\/5\/2017\/03\/grafik2.jpg\" alt=\"\" width=\"90\" height=\"13\" \/><\/td>\n<\/tr>\n<tr>\n<td>Handels&shy;register&shy;nummer:<\/td>\n<td>HRB 134202<\/td>\n<\/tr>\n<tr>\n<td>Umsatz&shy;steuer&shy;identifikations&shy;nummer:<\/td>\n<td>DE277156730<\/td>\n<\/tr>\n<tr>\n<td>Registergericht:<\/td>\n<td>Amtsgericht Berlin<\/td>\n<\/tr>\n<\/tbody>\n<\/table>\n<p><strong id=\"privacy\">Datenschutzerkl\u00e4rung (Stand 17.10.2023)<\/strong><\/p>\n<p>Die Laurentium GmbH als Betreiber dieser Webseite verpflichtet sich zu einem strengen Daten- und Informationsschutz. Daher erhebt die Laurentium GmbH von sich aus keine personenbezogenen Daten seiner Webseiten-Besucher.<\/p>\n<p><strong>Anbieter und verantwortliche Stelle im Sinne des Datenschutzgesetzes<\/strong><\/p>\n<p>Laurentium GmbH<br \/>\nFriedrichstrasse 171<br \/>\nD-10117 Berlin<br \/>\n<img decoding=\"async\" loading=\"lazy\" class=\"alignnone size-full wp-image-128\" src=\"http:\/\/laurentium.com\/de\/wp-content\/uploads\/sites\/5\/2017\/03\/grafik1.jpg\" alt=\"\" width=\"116\" height=\"15\" \/><\/p>\n<p><strong>Geltungsbereich<\/strong><\/p>\n<p>Nutzer erhalten mit dieser Datenschutzerkl\u00e4rung Information \u00fcber die Art, den Umfang und Zweck der Erhebung und Verwendung ihrer Daten die durch die Nutzung der unserer Webseite erhoben und verwendet werden.<br \/>\nDen rechtlichen Rahmen f\u00fcr den Datenschutz bilden das Bundesdatenschutzgesetz (BDSG) und das Telemediengesetz (TMG).<\/p>\n<p><strong>Erfassung allgemeiner Informationen<\/strong><\/p>\n<p>Mit jedem Zugriff auf die Webseite der Laurentium GmbH werden durch den Webspace-Provider automatisch Informationen erfasst. Diese Informationen, auch als Server-Logfiles bezeichnet, sind allgemeiner Natur und erlauben keine R\u00fcckschl\u00fcsse auf Ihre Person. Sofern wir nicht durch den Gesetzgeber oder Strafverfolgungsbeh\u00f6rden dazu in Einzelf\u00e4llen verpflichtet werden, ruft die Laurentium GmbH diese Logfiles nicht ab und wertet diese somit auch nicht aus.<br \/>\nErfasst werden unter anderem: Name der Webseite, Datei, Datum, Datenmenge, Webbrowser und Webbrowser-Version, Betriebssystem, der Domainname Ihres Internet-Providers, die sogenannte Referrer-URL (jene Seite, von der aus Sie auf unser Angebot zugegriffen haben) und die IP-Adresse.<br \/>\nOhne diese Daten w\u00e4re es technisch teils nicht m\u00f6glich, die Inhalte der Webseite auszuliefern und darzustellen. Insofern ist die Erfassung der Daten zwingend notwendig.<br \/>\nDar\u00fcber hinaus verwendet die Laurentium GmbH beispielhaft keine Cookies, kein Google Analytics, kein Google Remarketing, kein Adobe Analytics, keine Web-Beacons, kein Piwik, kein WiredMinds, keinen Ortungsdienst, keine Links auf Seiten Dritter, keine Auswertung von App-Nutzungen, keine Social-Media Plugins und kein Conversion-Pixel.<\/p>\n<p><strong>Ihre Rechte auf Auskunft, Berichtigung, Sperre, L\u00f6schung und Widerspruch<\/strong><\/p>\n<p>Sie haben das Recht, auf Antrag unentgeltlich eine Auskunft, \u00fcber die bei uns bzw. unserem Internet-Provider gespeicherten personenbezogenen Daten, anzufordern und\/oder eine Berichtigung, Sperrung oder L\u00f6schung zu verlangen.<br \/>\nF\u00fcr diese Zwecke oder f\u00fcr allgemeine Fragen oder Anregungen zum Datenschutz bei der Laurentium GmbH kontaktieren Sie bitte unseren betrieblichen Datenschutzbeauftragten unter <img decoding=\"async\" loading=\"lazy\" class=\"alignnone size-full wp-image-128\" src=\"http:\/\/laurentium.com\/de\/wp-content\/uploads\/sites\/5\/2017\/03\/grafik1.jpg\" alt=\"\" width=\"116\" height=\"15\" \/>.<br \/>\nUm eine Datensperre jederzeit ber\u00fccksichtigen zu k\u00f6nnen, ist es erforderlich, die Daten f\u00fcr Kontrollzwecke in einer Sperrdatei vorzuhalten. Besteht keine gesetzliche Archivierungspflicht, k\u00f6nnen Sie auch die L\u00f6schung der Daten verlangen. Anderenfalls sperren wir die Daten, sofern Sie dies w\u00fcnschen.<\/p>\n<p><strong>\u00c4nderung unserer Datenschutzerkl\u00e4rung<\/strong><\/p>\n<p>Um zu gew\u00e4hrleisten, dass unsere Datenschutzerkl\u00e4rung stets den aktuellen gesetzlichen Vorgaben entspricht, behalten wir uns jederzeit \u00c4nderungen vor. Die neue Datenschutzerkl\u00e4rung greift dann bei Ihrem n\u00e4chsten Besuch auf unserem Angebot.<\/p>\n","protected":false},"excerpt":{"rendered":"<p>Laurentium GmbH Friedrichstra\u00dfe 171 D-10117 Berlin Tel.: +49 (0)30.20 25 35 04 Fax: +49 (0)30.20 25 33 33 E-Mail:\u00a0 Korrespondenz via E-Mail ist nicht sicher! Bitte \u00fcbermitteln Sie daher keine personen- oder projektbezogenen Informationen unverschl\u00fcsselt \u00fcber das Internet. Zur verschl\u00fcsselten Telekommunikation sind wir f\u00fcr Sie via den Messenger-Dienst SIGNAL erreichbar. Gesch\u00e4fts&shy;f\u00fchrender Gesell&shy;schafter: Handels&shy;register&shy;nummer: HRB 134202 &hellip; <a href=\"https:\/\/laurentium.com\/de\/kontakt\/\" class=\"more-link\"><span class=\"screen-reader-text\">&#8222;KONTAKT&#8220; <\/span>weiterlesen<\/a><\/p>\n","protected":false},"author":1,"featured_media":0,"parent":0,"menu_order":0,"comment_status":"closed","ping_status":"closed","template":"","meta":{"footnotes":""},"_links":{"self":[{"href":"https:\/\/laurentium.com\/de\/wp-json\/wp\/v2\/pages\/7"}],"collection":[{"href":"https:\/\/laurentium.com\/de\/wp-json\/wp\/v2\/pages"}],"about":[{"href":"https:\/\/laurentium.com\/de\/wp-json\/wp\/v2\/types\/page"}],"author":[{"embeddable":true,"href":"https:\/\/laurentium.com\/de\/wp-json\/wp\/v2\/users\/1"}],"replies":[{"embeddable":true,"href":"https:\/\/laurentium.com\/de\/wp-json\/wp\/v2\/comments?post=7"}],"version-history":[{"count":15,"href":"https:\/\/laurentium.com\/de\/wp-json\/wp\/v2\/pages\/7\/revisions"}],"predecessor-version":[{"id":237,"href":"https:\/\/laurentium.com\/de\/wp-json\/wp\/v2\/pages\/7\/revisions\/237"}],"wp:attachment":[{"href":"https:\/\/laurentium.com\/de\/wp-json\/wp\/v2\/media?parent=7"}],"curies":[{"name":"wp","href":"https:\/\/api.w.org\/{rel}","templated":true}]}}