{"id":9,"date":"2017-03-03T16:39:24","date_gmt":"2017-03-03T15:39:24","guid":{"rendered":"http:\/\/laurentium.com\/lp\/de\/?page_id=9"},"modified":"2023-10-17T14:25:46","modified_gmt":"2023-10-17T12:25:46","slug":"intelligence","status":"publish","type":"page","link":"https:\/\/laurentium.com\/de\/intelligence\/","title":{"rendered":"INVESTIGATIONS"},"content":{"rendered":"<p>Informationen sind heute der entscheidende Wettbewerbsfaktor. Wer sie nutzen kann, trifft fundierte Entscheidungen, vermeidet Compliance-Verst\u00f6\u00dfe, erkennt unseri\u00f6se Gesch\u00e4ftspraktiken und sichert sich Wettbewerbsvorteile.<br \/>\nUnsere rechtskonformen Ermittlungen sind hinsichtlich ihrer Fragestellungen und Reichweite beliebig variabel und orientieren sich an den spezifischen Risk- und Compliance-Anforderungen sowie operativen Risiken unserer Klienten.<\/p>\n<p class=\"highlight\"><strong>Laurentium sichert Ihnen den entscheidenden Informationsvorsprung.<\/strong><\/p>\n<p>Laurentium erm\u00f6glicht Ihnen die<\/p>\n<ul>\n<li><strong>Umsetzung<\/strong> effektiver verbandsinterner Untersuchungen nach VerSanG,<\/li>\n<li><strong>\u00dcberpr\u00fcfung<\/strong> potenzieller Gesch\u00e4ftspartner,<\/li>\n<li><strong>Aufkl\u00e4rung<\/strong> komplexer und krimineller Sachverhalte,<\/li>\n<li><strong>Erkennung<\/strong> verdeckter Risiken,<\/li>\n<li><strong>Bek\u00e4mpfung<\/strong> von Produktplagiaten,<\/li>\n<li><strong>R\u00fcckf\u00fchrung<\/strong> von Verm\u00f6genswerten,<\/li>\n<li><strong>Erbringung<\/strong> gerichtsverwertbarer Beweismittel,<\/li>\n<li><strong>Erf\u00fcllung<\/strong> gesetzlicher Vorgaben nach LkSG,<\/li>\n<li><strong>Aufdeckung<\/strong> verschleierter Interessen und<\/li>\n<li><strong>Plausibilisierung<\/strong> von Lebensl\u00e4ufen.<\/li>\n<\/ul>\n","protected":false},"excerpt":{"rendered":"<p>Informationen sind heute der entscheidende Wettbewerbsfaktor. Wer sie nutzen kann, trifft fundierte Entscheidungen, vermeidet Compliance-Verst\u00f6\u00dfe, erkennt unseri\u00f6se Gesch\u00e4ftspraktiken und sichert sich Wettbewerbsvorteile. Unsere rechtskonformen Ermittlungen sind hinsichtlich ihrer Fragestellungen und Reichweite beliebig variabel und orientieren sich an den spezifischen Risk- und Compliance-Anforderungen sowie operativen Risiken unserer Klienten. Laurentium sichert Ihnen den entscheidenden Informationsvorsprung. Laurentium erm\u00f6glicht &hellip; <a href=\"https:\/\/laurentium.com\/de\/intelligence\/\" class=\"more-link\"><span class=\"screen-reader-text\">&#8222;INVESTIGATIONS&#8220; <\/span>weiterlesen<\/a><\/p>\n","protected":false},"author":1,"featured_media":0,"parent":0,"menu_order":0,"comment_status":"closed","ping_status":"closed","template":"","meta":{"footnotes":""},"_links":{"self":[{"href":"https:\/\/laurentium.com\/de\/wp-json\/wp\/v2\/pages\/9"}],"collection":[{"href":"https:\/\/laurentium.com\/de\/wp-json\/wp\/v2\/pages"}],"about":[{"href":"https:\/\/laurentium.com\/de\/wp-json\/wp\/v2\/types\/page"}],"author":[{"embeddable":true,"href":"https:\/\/laurentium.com\/de\/wp-json\/wp\/v2\/users\/1"}],"replies":[{"embeddable":true,"href":"https:\/\/laurentium.com\/de\/wp-json\/wp\/v2\/comments?post=9"}],"version-history":[{"count":7,"href":"https:\/\/laurentium.com\/de\/wp-json\/wp\/v2\/pages\/9\/revisions"}],"predecessor-version":[{"id":231,"href":"https:\/\/laurentium.com\/de\/wp-json\/wp\/v2\/pages\/9\/revisions\/231"}],"wp:attachment":[{"href":"https:\/\/laurentium.com\/de\/wp-json\/wp\/v2\/media?parent=9"}],"curies":[{"name":"wp","href":"https:\/\/api.w.org\/{rel}","templated":true}]}}